
{"id":23,"date":"2023-10-02T01:52:44","date_gmt":"2023-10-02T01:52:44","guid":{"rendered":"https:\/\/themeholy.com\/wordpress\/poolax\/?page_id=23"},"modified":"2024-01-31T05:05:47","modified_gmt":"2024-01-31T05:05:47","slug":"about","status":"publish","type":"page","link":"https:\/\/tuscasasdemadera.com\/?page_id=23","title":{"rendered":"Casas de Madera S.L"},"content":{"rendered":"\t\t<div data-elementor-type=\"wp-page\" data-elementor-id=\"23\" class=\"elementor elementor-23\">\n\t\t\t\t\t\t\t<div class=\"elementor-element elementor-element-bbece2e e-flex e-con-boxed e-con e-parent\" data-id=\"bbece2e\" data-element_type=\"container\" data-settings=\"{&quot;content_width&quot;:&quot;boxed&quot;}\" data-core-v316-plus=\"true\">\n\t\t\t\t\t<div class=\"e-con-inner\">\n\t\t\t\t<div class=\"elementor-element elementor-element-0977db3 elementor-widget elementor-widget-text-editor\" data-id=\"0977db3\" data-element_type=\"widget\" data-widget_type=\"text-editor.default\">\n\t\t\t\t<div class=\"elementor-widget-container\">\n\t\t\t<style>\/*! elementor - v3.18.0 - 20-12-2023 *\/\n.elementor-widget-text-editor.elementor-drop-cap-view-stacked .elementor-drop-cap{background-color:#69727d;color:#fff}.elementor-widget-text-editor.elementor-drop-cap-view-framed .elementor-drop-cap{color:#69727d;border:3px solid;background-color:transparent}.elementor-widget-text-editor:not(.elementor-drop-cap-view-default) .elementor-drop-cap{margin-top:8px}.elementor-widget-text-editor:not(.elementor-drop-cap-view-default) .elementor-drop-cap-letter{width:1em;height:1em}.elementor-widget-text-editor .elementor-drop-cap{float:left;text-align:center;line-height:1;font-size:50px}.elementor-widget-text-editor .elementor-drop-cap-letter{display:inline-block}<\/style>\t\t\t\t<p>tCasas de madera S.L empresa que se dedica a la fabricaci\u00f3n y construcci\u00f3n de todo tipo de casas de madera. Nuestra finalidad, no solo es ofrecerle nuestros productos, sino que juntos podamos dise\u00f1ar la casa que usted desea.<\/p><p>Trabajando con nuestros arquitectos hacemos posible cualquier idea que tenga, porque lo mas importante para nosotros es que se sienta a gusto con aquello que siempre ha deseado.<\/p><p>Tanto si tiene dudas como si necesita ayuda, nosotros le asesoramos para que obtenga el mejor beneficio. Podemos garantizarle que en tiempos muy cortos ya puede disponer de la casa de sus sue\u00f1os. Construimos chalets y casas de madera en toda Espa\u00f1a, las Islas Baleares y Canarias Importamos la madera de las m\u00e1s reconocidas industrias madereras de Austria (madera proveniente de bosques sostenibles) por ser la madera m\u00e1s resistente a los bruscos cambios clim\u00e1ticos. Despu\u00e9s de un lento crecimiento y controlado proceso de secado hasta alcanzar su punto optimo de humedad, se le somete a un riguroso tratamiento de fondo, lo que garantiza unas caracter\u00edsticas hidr\u00f3fugas, antimohos, anticarcoma y antipar\u00e1sitos<\/p><p>Nuestra larga experiencia como montadores nos permite un r\u00e1pido transporte de las casas, as\u00ed como la construcci\u00f3n de las mismas en el lugar que usted elija. Puede escoger entre los distintos tipos de tejado (de cer\u00e1mica, hormig\u00f3n o teja americana), as\u00ed como de persianas y ventanas. Entregamos las casas en varios acabados (madera,canexel, mortero monocapa, ladrilllo caravistaofrecemos una gama de productos de alta calidad a los precios m\u00e1s competitivos del mercado adaptamos a las necesidades de cada cliente y le facilitamos el camino para hacer realidad su proyecto de vivienda, con un estilo personalizado, con la mejor de las calidades. Le ofrecemos una amplia gama de posibilidades, lo que nos permite dise\u00f1ar la vivienda a medida del cliente y entreg\u00e1rsela completamente equipada, preparada para entrar a vivir.<\/p><p>Casas de madera S.L le ofrece el servicio completo que necesita, desde arquitectura e ingenier\u00eda, Le asesoramos a la hora de crear su propio hogar y le garantizamos confort y un estilo de vida completamente diferente. Con el trabajo coordinado de nuestro departamento t\u00e9cnico, podemos encargarnos de la gesti\u00f3n completa de la realizaci\u00f3n del proyecto con nuestros arquitectos colaboradores presentes en todas las provincias espa\u00f1olas.<\/p><p>Nuestras casas prefabricadas cumplen con las m\u00e1ximas garant\u00edas, fabricadas bajo nuestra supervisi\u00f3n y controles t\u00e9cnicos. De esta forma, garantizamos que los materiales est\u00e1n certificados y homologados<\/p><p>PIDANOS UNA CITA Y VISITENOS ESTAMOS EN GANDIA VALENCIA MUCHAS CASAS PREFABRICADAS VENDIDAS EN TODA ESPA\u00d1A CON OFICINAS Y EXPOSICION EN PEDREGUER ALICANTE PREVIA CITA SOMOS FABRICANTES\u00a0VENDEMOS Y MONTAMOS EN TODA ESPA\u00d1A EN LAS ISLAS CANARIAS Y EN LAS ISLAS BALEARES<\/p>\t\t\t\t\t\t<\/div>\n\t\t\t\t<\/div>\n\t\t\t\t\t<\/div>\n\t\t\t\t<\/div>\n\t\t\t\t\t\t\t<\/div>\n\t\t","protected":false},"excerpt":{"rendered":"<p>tCasas de madera S.L empresa que se dedica a la fabricaci\u00f3n y construcci\u00f3n de todo tipo de casas de madera. Nuestra finalidad, no solo es ofrecerle nuestros productos, sino que juntos podamos dise\u00f1ar la casa que usted desea. Trabajando con nuestros arquitectos hacemos posible cualquier idea que tenga, porque lo mas importante para nosotros es&#8230;<\/p>\n","protected":false},"author":1,"featured_media":0,"parent":0,"menu_order":0,"comment_status":"closed","ping_status":"closed","template":"template-builder.php","meta":{"footnotes":""},"class_list":["post-23","page","type-page","status-publish","hentry"],"jetpack_sharing_enabled":true,"_links":{"self":[{"href":"https:\/\/tuscasasdemadera.com\/index.php?rest_route=\/wp\/v2\/pages\/23","targetHints":{"allow":["GET"]}}],"collection":[{"href":"https:\/\/tuscasasdemadera.com\/index.php?rest_route=\/wp\/v2\/pages"}],"about":[{"href":"https:\/\/tuscasasdemadera.com\/index.php?rest_route=\/wp\/v2\/types\/page"}],"author":[{"embeddable":true,"href":"https:\/\/tuscasasdemadera.com\/index.php?rest_route=\/wp\/v2\/users\/1"}],"replies":[{"embeddable":true,"href":"https:\/\/tuscasasdemadera.com\/index.php?rest_route=%2Fwp%2Fv2%2Fcomments&post=23"}],"version-history":[{"count":11,"href":"https:\/\/tuscasasdemadera.com\/index.php?rest_route=\/wp\/v2\/pages\/23\/revisions"}],"predecessor-version":[{"id":3395,"href":"https:\/\/tuscasasdemadera.com\/index.php?rest_route=\/wp\/v2\/pages\/23\/revisions\/3395"}],"wp:attachment":[{"href":"https:\/\/tuscasasdemadera.com\/index.php?rest_route=%2Fwp%2Fv2%2Fmedia&parent=23"}],"curies":[{"name":"wp","href":"https:\/\/api.w.org\/{rel}","templated":true}]}}